{"id":2215,"date":"2025-04-14T17:20:18","date_gmt":"2025-04-14T15:20:18","guid":{"rendered":"https:\/\/tuttolivorno.com\/?page_id=2215"},"modified":"2025-04-14T17:31:28","modified_gmt":"2025-04-14T15:31:28","slug":"navicelli-e-becolini","status":"publish","type":"page","link":"https:\/\/tuttolivorno.com\/index.php\/navicelli-e-becolini\/","title":{"rendered":"Navicelli e becolini"},"content":{"rendered":"\n<p>Sia il <strong>navicello<\/strong> che il <strong>becolino<\/strong> (o beolino, come si dice a Livorno) sono imbarcazioni tradizionali <strong>fluviali toscane<\/strong>, usate principalmente lungo l\u2019Arno e nei canali tra <strong>Pisa e Livorno<\/strong>. Anche se hanno funzioni simili, ci sono alcune differenze chiave.<\/p>\n\n\n\n<p>Il <strong>Navicello<\/strong> \u00e8 molto pi\u00f9 antico, risalente al Medioevo.<br>Era destinato al trasporto di merci su lunghe distanze (Arno, Canale dei Navicelli) ed era pi\u00f9 grande: anche oltre 25 metri di lunghezza, con un peso che poteva raggiungere le 80 tonnellate, con fondo piatto, pancia larga.<br>Si spostava grazie alla vela latina, ma anche trainato da terra (con animali o uomini)<br>Deriva da \u201cnavis\u201d (latino), nave piccola.<\/p>\n\n\n\n<p>Il <strong>Becolino<\/strong> \u00e8 pi\u00f9 recente (XIX secolo).<br>Era per lo pi\u00f9 destinato al trasporto locale tra Livorno e Pisa<br>Le sue dimensioni erano minori: max 22 metri circa, e poteva raggiungere le 60 tonnellate<br>Il fondo era piatto, ma aveva una linea pi\u00f9 slanciata<br>Si spostava a vela o con pertiche, spesso spinto a mano<br>Il suo nome deriva da &#8220;Beco&#8221;, il soprannome del costruttore livornese Domenico Picchiotti<br><\/p>\n\n\n\n<p><strong>Pilade<\/strong> \u00e8 l&#8217;ultimo esemplare conosciuto di <strong>navicello<\/strong> tradizionale toscano ancora esistente. Costruito nel <strong>1904<\/strong> in un cantiere pisano, era utilizzato per il trasporto di merci sfuse, come carbone e minerali, tra le navi in rada e i depositi a terra. Con il tempo, il Pilade si era deteriorato, ma \u00e8 stato restaurato con cura dai maestri d&#8217;ascia <strong>Vincenzo Ippolito<\/strong> e <strong>Glauco Cecchi<\/strong> del <strong>Cantiere navale Luigi Lorenzoni<\/strong>. \u200b<\/p>\n\n\n\n<p>Attualmente, il Pilade \u00e8 esposto presso il <strong>Museo delle Imbarcazioni Storiche<\/strong> dell&#8217;<strong>Autorit\u00e0 di Sistema Portuale del Mar Tirreno Settentrionale<\/strong> a Livorno. Il museo si trova nel <strong>Magazzino ex Collettame delle Ferrovie dello Stato<\/strong>, situato nell&#8217;area della <strong>Fortezza Vecchia<\/strong>, vicino alla Stazione Marittima. Insieme al Pilade, il museo ospita anche altre imbarcazioni storiche, come il rimorchiatore <strong>Marzocco<\/strong> e lo skiff <strong>Teresa<\/strong>. <\/p>\n\n\n\n<p>Le dimensioni del Pilade sono notevoli: <strong>19,20 metri<\/strong> di lunghezza, <strong>4,89 metri<\/strong> di larghezza e <strong>2,14 metri<\/strong> di altezza, con una stazza lorda di <strong>36,99 tonnellate<\/strong>.<\/p>\n\n\n\n<p>Il museo \u00e8 parte del <strong>Livorno Port Center<\/strong>, un centro espositivo e didattico che promuove la conoscenza del porto e della sua storia. L&#8217;ingresso \u00e8 gratuito, ma per visitare il museo \u00e8 consigliabile prenotare in anticipo, soprattutto per gruppi scolastici o visite guidate.\u200b<\/p>\n\n\n\n<figure class=\"wp-block-image size-large\"><img loading=\"lazy\" decoding=\"async\" width=\"1024\" height=\"683\" src=\"https:\/\/tuttolivorno.com\/wp-content\/uploads\/2025\/04\/navicelo-vs-becolino-1024x683.png\" alt=\"\" class=\"wp-image-2223\" srcset=\"https:\/\/tuttolivorno.com\/wp-content\/uploads\/2025\/04\/navicelo-vs-becolino-1024x683.png 1024w, https:\/\/tuttolivorno.com\/wp-content\/uploads\/2025\/04\/navicelo-vs-becolino-300x200.png 300w, https:\/\/tuttolivorno.com\/wp-content\/uploads\/2025\/04\/navicelo-vs-becolino-768x512.png 768w, https:\/\/tuttolivorno.com\/wp-content\/uploads\/2025\/04\/navicelo-vs-becolino.png 1536w\" sizes=\"auto, (max-width: 1024px) 100vw, 1024px\" \/><\/figure>\n","protected":false},"excerpt":{"rendered":"<p>Sia il navicello che il becolino (o beolino, come si dice a Livorno) sono imbarcazioni tradizionali fluviali toscane, usate principalmente lungo l\u2019Arno e nei canali tra Pisa e Livorno. Anche se hanno funzioni simili, ci sono alcune differenze chiave. Il Navicello \u00e8 molto pi\u00f9 antico, risalente al Medioevo.Era destinato al trasporto di merci su lunghe [&hellip;]<\/p>\n","protected":false},"author":9,"featured_media":2219,"parent":0,"menu_order":0,"comment_status":"closed","ping_status":"closed","template":"","meta":{"footnotes":""},"class_list":["post-2215","page","type-page","status-publish","has-post-thumbnail","hentry"],"_links":{"self":[{"href":"https:\/\/tuttolivorno.com\/index.php\/wp-json\/wp\/v2\/pages\/2215","targetHints":{"allow":["GET"]}}],"collection":[{"href":"https:\/\/tuttolivorno.com\/index.php\/wp-json\/wp\/v2\/pages"}],"about":[{"href":"https:\/\/tuttolivorno.com\/index.php\/wp-json\/wp\/v2\/types\/page"}],"author":[{"embeddable":true,"href":"https:\/\/tuttolivorno.com\/index.php\/wp-json\/wp\/v2\/users\/9"}],"replies":[{"embeddable":true,"href":"https:\/\/tuttolivorno.com\/index.php\/wp-json\/wp\/v2\/comments?post=2215"}],"version-history":[{"count":5,"href":"https:\/\/tuttolivorno.com\/index.php\/wp-json\/wp\/v2\/pages\/2215\/revisions"}],"predecessor-version":[{"id":2224,"href":"https:\/\/tuttolivorno.com\/index.php\/wp-json\/wp\/v2\/pages\/2215\/revisions\/2224"}],"wp:featuredmedia":[{"embeddable":true,"href":"https:\/\/tuttolivorno.com\/index.php\/wp-json\/wp\/v2\/media\/2219"}],"wp:attachment":[{"href":"https:\/\/tuttolivorno.com\/index.php\/wp-json\/wp\/v2\/media?parent=2215"}],"curies":[{"name":"wp","href":"https:\/\/api.w.org\/{rel}","templated":true}]}}